{"id":20,"date":"2020-06-10T11:25:16","date_gmt":"2020-06-10T02:25:16","guid":{"rendered":"http:\/\/kyosei.hus.osaka-u.ac.jp\/\/?page_id=20"},"modified":"2026-02-06T17:53:11","modified_gmt":"2026-02-06T08:53:11","slug":"event","status":"publish","type":"page","link":"https:\/\/kyosei.hus.osaka-u.ac.jp\/old\/event\/","title":{"rendered":"EVENT"},"content":{"rendered":"<div class=\"contents\">\n<p>\u65b0\u3057\u3044\u30a4\u30d9\u30f3\u30c8\u306b\u3064\u3044\u3066\u306f<a style=\"color: #2263bf;\" href=\"https:\/\/www.facebook.com\/HandaiKyosei\/\" target=\"_blank\" rel=\"noopener noreferrer\">Facebook<\/a>\u3067\u3082\u5171\u6709\u3057\u3066\u3044\u307e\u3059<\/p>\n<\/div>\n<h2>\u6b21\u56de\u306e\u30a4\u30d9\u30f3\u30c8<\/h2>\n<h3>2025\u5e74\u5ea6\u3000\u535a\u58eb\u8ad6\u6587\u516c\u8074\u4f1a<\/h3>\n<h3>2025\u5e747\u67081\u65e5 (\u706b)\u300011\u664200\u5206\uff5e12\u664200\u5206<\/h3>\n<table class=\"table_B table_event\">\n<tbody>\n<tr>\n<th>\u5834\u6240<\/th>\n<td>\u30a4\u30f3\u30bf\u30fc\u30ca\u30b7\u30e7\u30ca\u30eb\u30ab\u30d5\u30a7<\/td>\n<\/tr>\n<tr>\n<th>\u767a\u8868\u8005<\/th>\n<td>\u674e \u9752\u9675<\/td>\n<\/tr>\n<tr>\n<th>\u30bf\u30a4\u30c8\u30eb<\/th>\n<td>\u8fd1\u4ee3\u4e2d\u56fd\u53f2\u306b\u307f\u308b\u6f22\u53e3\u306b\u304a\u3051\u308b\u6027\u7ba1\u7406\u304b\u3089\u6027\u7d71\u5236\u3078\u30fc\u30fc\u300c\u5a3c\u5993\u300d\u3068\u300c\u6170\u5b89\u5a66\u300d\u3092\u3081\u3050\u3063\u3066<\/td>\n<\/tr>\n<tr>\n<th>\u53c2\u52a0\u7533\u3057\u8fbc\u307f<\/th>\n<td>\u7279\u306b\u306a\u3057\uff08\u30d5\u30ea\u30fc\u53c2\u52a0\uff09\u3002\u8a73\u7d30\u306f<a href=\"http:\/\/kyosei.hus.osaka-u.ac.jp\/old\/wp\/wp-content\/uploads\/2025\/06\/2d916f3fb9d7c357040aba91f4c3bd3a.pdf\">\u30dd\u30b9\u30bf\u30fc<\/a>\u3092\u3054\u89a7\u304f\u3060\u3055\u3044\u3002<\/td>\n<\/tr>\n<\/tbody>\n<\/table>\n<p>&nbsp;<\/p>\n<h3>2026\u5e741\u670830\u65e5 (\u91d1)\u300013\u664230\u5206\uff5e14\u664230\u5206<\/h3>\n<table class=\"table_B table_event\">\n<tbody>\n<tr>\n<th>\u5834\u6240<\/th>\n<td>\u4eba\u79d1\u68df\u672c\u9928\uff14\uff14\u6559\u5ba4<\/td>\n<\/tr>\n<tr>\n<th>\u767a\u8868\u8005<\/th>\n<td>\u6bb5\u7551 \u5b9f\u751f<\/td>\n<\/tr>\n<tr>\n<th>\u30bf\u30a4\u30c8\u30eb<\/th>\n<td>\u591a\u69d8\u306a\u56f0\u96e3\u3092\u62b1\u3048\u308b\u82e5\u8005\u306e\u793e\u4f1a\u7684\u5305\u6442\u306b\u95a2\u3059\u308b\u7814\u7a76\u2015\u666e\u904d\u4e3b\u7fa9\u578b\u798f\u7949\u56fd\u5bb6\u30c7\u30f3\u30de\u30fc\u30af\u306e\u65b0\u305f\u306a\u6311\u6226\u304b\u3089<\/td>\n<\/tr>\n<tr>\n<th>\u53c2\u52a0\u7533\u3057\u8fbc\u307f<\/th>\n<td>\u7279\u306b\u306a\u3057\uff08\u30d5\u30ea\u30fc\u53c2\u52a0\uff09\u3002\u8a73\u7d30\u306f<a href=\"https:\/\/www.dropbox.com\/scl\/fi\/c7klf7m0k00xjoav1pum1\/2025.pdf?rlkey=0h78iy7op7o59tlpeq3vz0xwy&amp;dl=0\">\u30dd\u30b9\u30bf\u30fc<\/a>\u3092\u3054\u89a7\u304f\u3060\u3055\u3044\u3002<\/td>\n<\/tr>\n<\/tbody>\n<\/table>\n<p>&nbsp;<\/p>\n<h3>2026\u5e742\u67083\u65e5 (\u706b)\u300013\u664230\u5206\uff5e15\u664200\u5206<\/h3>\n<table class=\"table_B table_event\">\n<tbody>\n<tr>\n<th>\u5834\u6240<\/th>\n<td>\u6771\u9928404\u6559\u5ba4<\/td>\n<\/tr>\n<tr>\n<th>\u767a\u8868\u8005<\/th>\n<td>\u8c4a\u6cc9\u4fca\u5927<\/td>\n<\/tr>\n<tr>\n<th>\u30bf\u30a4\u30c8\u30eb<\/th>\n<td>\u30a8\u30b3\u30ed\u30b8\u30ab\u30eb\u306a\u63cf\u5199\u7406\u8ad6\u3078\u5411\u3051\u3066\uff1a\u30ae\u30d6\u30bd\u30f3\u3001\u30b0\u30c3\u30c9\u30de\u30f3\u3092\u305f\u3088\u308a\u306b<\/td>\n<\/tr>\n<tr>\n<th>\u53c2\u52a0\u7533\u3057\u8fbc\u307f<\/th>\n<td>\u7279\u306b\u306a\u3057\uff08\u30d5\u30ea\u30fc\u53c2\u52a0\uff09\u3002\u8a73\u7d30\u306f<a href=\"https:\/\/www.dropbox.com\/scl\/fi\/czfy9hrgnze9pzaevc1er\/2025.pdf?rlkey=9c76phhlhknupe6qvce2wejoy&amp;dl=0\">\u30dd\u30b9\u30bf\u30fc<\/a>\u3092\u3054\u89a7\u304f\u3060\u3055\u3044\u3002<\/td>\n<\/tr>\n<\/tbody>\n<\/table>\n<p>&nbsp;<\/p>\n<h3>2026\u5e742\u67083\u65e5 (\u706b)\u300015\u664200\u5206\uff5e16\u664200\u5206<\/h3>\n<table class=\"table_B table_event\">\n<tbody>\n<tr>\n<th>\u5834\u6240<\/th>\n<td>\u5317\u9928 2 \u968e \u30e9\u30fc\u30cb\u30f3\u30b0\u30fb\u30b3\u30e2\u30f3\u30ba<\/td>\n<\/tr>\n<tr>\n<th>\u767a\u8868\u8005<\/th>\n<td>\u5bae\u6751 \u4f91\u6a39<\/td>\n<\/tr>\n<tr>\n<th>\u30bf\u30a4\u30c8\u30eb<\/th>\n<td>\u30a4\u30f3\u30c9\u30fb\u30ab\u30eb\u30ca\u30fc\u30bf\u30ab\u5dde\u5185\u306b\u304a\u3051\u308b\u51fa\u7a3c\u304e\u52b4\u50cd\u8005\u5bb6\u65cf\u306e\u5f80\u9084\u7684\u79fb\u52d5\u3068\u5b50\u3069\u3082\u306e\u6559\u80b2\u9078\u629e\u2014\u4fdd\u8b77\u8005\u3068\u6559\u54e1\u306e\u8996\u70b9\u3092\u8e0f\u307e\u3048\u305f\u300c\u4e07\u4eba\u306e\u305f\u3081\u306e\u6559\u80b2\uff08EFA\uff09\u300d\u306e\u6279\u5224\u7684\u691c\u8a0e\u2014<\/td>\n<\/tr>\n<tr>\n<th>\u53c2\u52a0\u7533\u3057\u8fbc\u307f<\/th>\n<td>\u7279\u306b\u306a\u3057\uff08\u30d5\u30ea\u30fc\u53c2\u52a0\uff09\u3002\u8a73\u7d30\u306f<a href=\"http:\/\/kyosei.hus.osaka-u.ac.jp\/old\/wp\/wp-content\/uploads\/2026\/01\/faddf39fb030f232683e1d132871df00.pdf\">\u30dd\u30b9\u30bf\u30fc<\/a>\u3092\u3054\u89a7\u304f\u3060\u3055\u3044\u3002<\/td>\n<\/tr>\n<\/tbody>\n<\/table>\n<p>&nbsp;<\/p>\n<h3>2026\u5e742\u67084\u65e5 (\u6c34)\u300014\u664200\u5206\uff5e16\u664230\u5206<\/h3>\n<table class=\"table_B table_event\">\n<tbody>\n<tr>\n<th>\u5834\u6240<\/th>\n<td>\u6771\u9928106\u53f7\u5ba4<\/td>\n<\/tr>\n<tr>\n<th>\u767a\u8868\u8005<\/th>\n<td>\u9673\u91cd\u9053\u3000CHEN ZHONGDAO<\/td>\n<\/tr>\n<tr>\n<th>\u30bf\u30a4\u30c8\u30eb<\/th>\n<td>\u9577\u671f\u7684\u306a\u30dc\u30e9\u30f3\u30c6\u30a3\u30a2\u6d3b\u52d5\u306b\u304a\u3051\u308b\u53c2\u52a0\u8005\u306e\u7d99\u7d9a\u8981\u56e0\u3068\u5fc3\u7406\u7684\u5909\u5bb9<\/td>\n<\/tr>\n<tr>\n<th>\u53c2\u52a0\u7533\u3057\u8fbc\u307f<\/th>\n<td>\u7279\u306b\u306a\u3057\uff08\u30d5\u30ea\u30fc\u53c2\u52a0\uff09\u3002\u8a73\u7d30\u306f<a href=\"https:\/\/www.dropbox.com\/scl\/fi\/kqjlg2ingepihkxqkusdp\/2025-CHEN-ZHONGDAO-CHEN-ZIYUN.pdf?rlkey=ne28vwukl9royal6xcmb9iuf2&amp;dl=0\">\u30dd\u30b9\u30bf\u30fc<\/a>\u3092\u3054\u89a7\u304f\u3060\u3055\u3044\u3002<\/td>\n<\/tr>\n<\/tbody>\n<\/table>\n<p>&nbsp;<\/p>\n<h3>2026\u5e742\u67084\u65e5 (\u6c34)\u300014\u664200\u5206\uff5e16\u664230\u5206<\/h3>\n<table class=\"table_B table_event\">\n<tbody>\n<tr>\n<th>\u5834\u6240<\/th>\n<td>\u6771\u9928106\u53f7\u5ba4<\/td>\n<\/tr>\n<tr>\n<th>\u767a\u8868\u8005<\/th>\n<td>\u9673\u5b50\u6600\u3000CHEN ZIYUN<\/td>\n<\/tr>\n<tr>\n<th>\u30bf\u30a4\u30c8\u30eb<\/th>\n<td>\u6b66\u6f22\u30ed\u30c3\u30af\u30c0\u30a6\u30f3\u306b\u304a\u3051\u308b\u793e\u4f1a\u95a2\u4fc2\u306e\u5f62\u6210\u3068\u5909\u5bb9<\/td>\n<\/tr>\n<tr>\n<th>\u53c2\u52a0\u7533\u3057\u8fbc\u307f<\/th>\n<td>\u7279\u306b\u306a\u3057\uff08\u30d5\u30ea\u30fc\u53c2\u52a0\uff09\u3002\u8a73\u7d30\u306f<a href=\"https:\/\/www.dropbox.com\/scl\/fi\/kqjlg2ingepihkxqkusdp\/2025-CHEN-ZHONGDAO-CHEN-ZIYUN.pdf?rlkey=ne28vwukl9royal6xcmb9iuf2&amp;dl=0\">\u30dd\u30b9\u30bf\u30fc<\/a>\u3092\u3054\u89a7\u304f\u3060\u3055\u3044\u3002<\/td>\n<\/tr>\n<\/tbody>\n<\/table>\n<p>&nbsp;<\/p>\n<h3>2026\u5e742\u67085\u65e5 (\u6728)\u300010\u664200\u5206\uff5e11\u664200\u5206<\/h3>\n<table class=\"table_B table_event\">\n<tbody>\n<tr>\n<th>\u5834\u6240<\/th>\n<td>\u672c\u992842\u8b1b\u7fa9\u5ba4<\/td>\n<\/tr>\n<tr>\n<th>\u767a\u8868\u8005<\/th>\n<td>\u65b0\u4e95 \u51dc\u5b50<\/td>\n<\/tr>\n<tr>\n<th>\u30bf\u30a4\u30c8\u30eb<\/th>\n<td>\u4e2d\u56fd\u51fa\u8eab\u5b66\u751f\u306b\u3088\u308b\u6559\u80b2\u306e\u305f\u3081\u306e\u8d8a\u5883\u79fb\u52d5\uff1a\u56fd\u5185\u79fb\u52d5\u3068\u7559\u5b66\u306e\u63a5\u7d9a<\/td>\n<\/tr>\n<tr>\n<th>\u53c2\u52a0\u7533\u3057\u8fbc\u307f<\/th>\n<td>\u7279\u306b\u306a\u3057\uff08\u30d5\u30ea\u30fc\u53c2\u52a0\uff09\u3002\u8a73\u7d30\u306f<a href=\"https:\/\/www.dropbox.com\/scl\/fi\/86kudixzl6hsmpybebigi\/2025.pdf?rlkey=5kivvaf8s5m9x11hhhipr7uv9&amp;dl=0\">\u30dd\u30b9\u30bf\u30fc<\/a>\u3092\u3054\u89a7\u304f\u3060\u3055\u3044\u3002<\/td>\n<\/tr>\n<\/tbody>\n<\/table>\n<p>&nbsp;<\/p>\n<h3>2026\u5e742\u67086\u65e5 (\u91d1)\u300013\u664230\u5206\uff5e15\u664200\u5206<\/h3>\n<table class=\"table_B table_event\">\n<tbody>\n<tr>\n<th>\u5834\u6240<\/th>\n<td>\u672c\u992844\u6559\u5ba4<\/td>\n<\/tr>\n<tr>\n<th>\u767a\u8868\u8005<\/th>\n<td>\u8fb0\u5df1\u4e00\u8f1d<\/td>\n<\/tr>\n<tr>\n<th>\u30bf\u30a4\u30c8\u30eb<\/th>\n<td>\u5065\u5e38\u4e3b\u7fa9\u306e\u751f\u6210\u3068\u69cb\u9020\uff1a\u552f\u7269\u8ad6\u7684\u30a2\u30d7\u30ed\u30fc\u30c1\u304b\u3089\u306e\u63a2\u7a76<\/td>\n<\/tr>\n<tr>\n<th>\u53c2\u52a0\u7533\u3057\u8fbc\u307f<\/th>\n<td>\u7279\u306b\u306a\u3057\uff08\u30d5\u30ea\u30fc\u53c2\u52a0\uff09\u3002\u8a73\u7d30\u306f<a href=\"https:\/\/www.dropbox.com\/scl\/fi\/5b5oqvere6v7brjkr7wks\/2025.pdf?rlkey=hax86ikilghcmqy9xsr50lx0o&amp;dl=0\">\u30dd\u30b9\u30bf\u30fc<\/a>\u3092\u3054\u89a7\u304f\u3060\u3055\u3044\u3002<\/td>\n<\/tr>\n<\/tbody>\n<\/table>\n<p>&nbsp;<\/p>\n<h3>2026\u5e742\u67087\u65e5 (\u571f)\u300010\u664230\u5206\uff5e12\u664200\u5206<\/h3>\n<table class=\"table_B table_event\">\n<tbody>\n<tr>\n<th>\u5834\u6240<\/th>\n<td>\u672c\u992844\u6559\u5ba4<\/td>\n<\/tr>\n<tr>\n<th>\u767a\u8868\u8005<\/th>\n<td>H\u00e9ctor Benjam\u00edn Ucl\u00e9s Flores<\/td>\n<\/tr>\n<tr>\n<th>\u30bf\u30a4\u30c8\u30eb<\/th>\n<td>Decolonial Philosophy in Natsume Soseki\u00b4s Thought: The Limits of Decoloniality within Western Epistemology<\/td>\n<\/tr>\n<tr>\n<th>\u53c2\u52a0\u7533\u3057\u8fbc\u307f<\/th>\n<td>\u7279\u306b\u306a\u3057\uff08\u30d5\u30ea\u30fc\u53c2\u52a0\uff09\u3002\u8a73\u7d30\u306f<a href=\"https:\/\/www.dropbox.com\/scl\/fi\/fb9dpqutu4z6szfvijmxd\/2025-H-ctor-Benjam-n-Ucl-s-Flores.pdf?rlkey=48qs9r1ri0lkvd8lojrxudr9x&amp;dl=0\">\u30dd\u30b9\u30bf\u30fc<\/a>\u3092\u3054\u89a7\u304f\u3060\u3055\u3044\u3002<\/td>\n<\/tr>\n<\/tbody>\n<\/table>\n<p>&nbsp;<\/p>\n<h3>2026\u5e742\u67087\u65e5 (\u571f)\u300013\u664200\u5206\uff5e15\u664200\u5206<\/h3>\n<table class=\"table_B table_event\">\n<tbody>\n<tr>\n<th>\u5834\u6240<\/th>\n<td>\u672c\u992844\u6559\u5ba4<\/td>\n<\/tr>\n<tr>\n<th>\u767a\u8868\u8005<\/th>\n<td>\u6c60\u7530\u4fe1\u864e<\/td>\n<\/tr>\n<tr>\n<th>\u30bf\u30a4\u30c8\u30eb<\/th>\n<td>\u30df\u30b7\u30a7\u30eb\u30fb\u30d5\u30fc\u30b3\u30fc\u306b\u304a\u3051\u308b\u6a29\u529b\u306e\u8a95\u751f\uff1a\u30dd\u30b9\u30c8\u30fb\u30c8\u30a5\u30eb\u30fc\u30b9\uff0f\u30d5\u30e9\u30f3\u30b9\u30fb\u30a8\u30d4\u30b9\u30c6\u30e2\u30ed\u30b8\u30fc\uff0f\u500b\u4eba<\/td>\n<\/tr>\n<tr>\n<th>\u53c2\u52a0\u7533\u3057\u8fbc\u307f<\/th>\n<td>\u7279\u306b\u306a\u3057\uff08\u30d5\u30ea\u30fc\u53c2\u52a0\uff09\u3002\u8a73\u7d30\u306f<a href=\"https:\/\/www.dropbox.com\/scl\/fi\/s2654rkbcvd2ecbgtsvgn\/2025.pdf?rlkey=nfjhi5p6txhtkusclbn06n8zl&amp;dl=0\">\u30dd\u30b9\u30bf\u30fc<\/a>\u3092\u3054\u89a7\u304f\u3060\u3055\u3044\u3002<\/td>\n<\/tr>\n<\/tbody>\n<\/table>\n<p>&nbsp;<\/p>\n<h3>2026\u5e742\u670812\u65e5 (\u6728)\u300010\u664200\u5206\uff5e11\u664200\u5206<\/h3>\n<table class=\"table_B table_event\">\n<tbody>\n<tr>\n<th>\u5834\u6240<\/th>\n<td>\u672c\u992831\u8b1b\u7fa9\u5ba4<\/td>\n<\/tr>\n<tr>\n<th>\u767a\u8868\u8005<\/th>\n<td>\u674e\u5a67\uff08LI JING\uff09<\/td>\n<\/tr>\n<tr>\n<th>\u30bf\u30a4\u30c8\u30eb<\/th>\n<td>\u88ab\u707d\u8005\u652f\u63f4\u306b\u304a\u3051\u308b\u5e83\u57df\u907f\u96e3\u5973\u6027\u306e\u5f79\u5272\u3068\u652f\u63f4\u5b9f\u8df5\u306b\u95a2\u3059\u308b\u7814\u7a76\u2015\u300c\u3088\u305d\u8005\u300d\u306e\u7d4c\u9a13\u306b\u7740\u76ee\u3057\u3066\u2015<\/td>\n<\/tr>\n<tr>\n<th>\u53c2\u52a0\u7533\u3057\u8fbc\u307f<\/th>\n<td>\u7279\u306b\u306a\u3057\uff08\u30d5\u30ea\u30fc\u53c2\u52a0\uff09\u3002\u8a73\u7d30\u306f<a href=\"https:\/\/www.dropbox.com\/scl\/fi\/wwqpmgslmwxjpszurxhb4\/2025-..pdf?rlkey=y4tl7gduzsgcgm5mhbf0v3aqz&amp;dl=0\">\u30dd\u30b9\u30bf\u30fc<\/a>\u3092\u3054\u89a7\u304f\u3060\u3055\u3044\u3002<\/td>\n<\/tr>\n<\/tbody>\n<\/table>\n<p>&nbsp;<\/p>\n<h3>2026\u5e742\u670812\u65e5 (\u6728)\u300010\u664230\u5206\uff5e12\u664200\u5206<\/h3>\n<table class=\"table_B table_event\">\n<tbody>\n<tr>\n<th>\u5834\u6240<\/th>\n<td>\u672c\u992844\u6559\u5ba4<\/td>\n<\/tr>\n<tr>\n<th>\u767a\u8868\u8005<\/th>\n<td>\u53f0\u7005\u8c4a<\/td>\n<\/tr>\n<tr>\n<th>\u30bf\u30a4\u30c8\u30eb<\/th>\n<td>\u8fd1\u4ee3\u9752\u5cf6\u306b\u304a\u3051\u308b\u58f2\u6625\u7d71\u5236\uff1a\u56fd\u5bb6\u7d71\u6cbb\u306e\u8981\u8acb\u306b\u5fdc\u3058\u305f\u6027\u7ba1\u7406\u306e\u8af8\u6a5f\u80fd<\/td>\n<\/tr>\n<tr>\n<th>\u53c2\u52a0\u7533\u3057\u8fbc\u307f<\/th>\n<td>\u7279\u306b\u306a\u3057\uff08\u30d5\u30ea\u30fc\u53c2\u52a0\uff09\u3002\u8a73\u7d30\u306f<a href=\"https:\/\/www.dropbox.com\/scl\/fi\/9o3p96s64l6lq823fcooo\/2025.pdf?rlkey=f45fezuk1aucomlcmdmmnn8l4&amp;dl=0\">\u30dd\u30b9\u30bf\u30fc<\/a>\u3092\u3054\u89a7\u304f\u3060\u3055\u3044\u3002<\/td>\n<\/tr>\n<\/tbody>\n<\/table>\n<p>&nbsp;<\/p>\n<p>&nbsp;<\/p>\n<h2>\u5171\u751f\u5b66\u30b3\u30ed\u30ad\u30a6\u30e0<\/h2>\n<h3>2025\u5e7410\u670815\u65e5 (\u6c34)\u300017\u664200\u5206\uff5e19\u664200\u5206<\/h3>\n<h4>\u7b2c17\u56de \u5171\u751f\u5b66\u30b3\u30ed\u30ad\u30a6\u30e0<\/h4>\n<h4>\u3000\u300c\u5206\u65ad\u3068\u5bfe\u7acb\u3092\u8d85\u3048\u3066\uff0d \u6fc0\u52d5\u3059\u308b\u56fd\u969b\u793e\u4f1a\u3068\u4eba\u9593\u30fb\u74b0\u5883\u30fb\u672a\u6765\uff0d\u300d<\/h4>\n<table class=\"table_B table_event\">\n<tbody>\n<tr>\n<th>\u5834\u6240<\/th>\n<td>\u4eba\u9593\u79d1\u5b66\u7814\u7a76\u79d1 \u672c\u9928 5F 51 \u6559\u5ba4\uff08\u30ad\u30e3\u30ce\u30d4\u30fc\u30db\u30fc\u30eb\uff09<\/td>\n<\/tr>\n<tr>\n<th>\u8b1b\u6f14\u8005<\/th>\n<td>\u5800\u6c5f\u6b63\u5f66\uff08\u5143\u5916\u52d9\u7701\u53c2\u4e0e\u30fb\u5730\u7403\u74b0\u5883\u554f\u984c\u62c5\u5f53\u5927\u4f7f\uff09<br \/>\n\u9234\u6728\u96c5\u548c\uff08\u7b51\u6ce2\u5927\u5b66\u540d\u8a89\u6559\u6388\uff09<\/td>\n<\/tr>\n<tr>\n<th>\u8a73\u7d30<\/th>\n<td><a href=\"http:\/\/kyosei.hus.osaka-u.ac.jp\/old\/wp\/wp-content\/uploads\/2025\/10\/KyoseiColloquium17250915.pdf\" target=\"_blank\" rel=\"noopener noreferrer\">\u30dd\u30b9\u30bf\u30fcPDF<\/a><\/td>\n<\/tr>\n<\/tbody>\n<\/table>\n<p>&nbsp;<\/p>\n<h3>\u968f\u6642\u66f4\u65b0\u4e88\u5b9a<\/h3>\n<p>&nbsp;<\/p>\n<div class=\"contents\">\n<h2>\u904e\u53bb\u306e\u30a4\u30d9\u30f3\u30c8<\/h2>\n<\/div>\n<h3 id=\"past-jj1\">\u904e\u53bb\u306e\u5b9f\u9a13\u5b9f\u7fd2I\u306e\u6388\u696d\u5831\u544a<\/h3>\n<p><a style=\"color: #2263bf;\" href=\"\/jj1-2023-group-b\/\">2023\u5e74\u5ea6\u3000\u30b0\u30ed\u30fc\u30d0\u30eb\u30d3\u30ec\u30c3\u30b8\u73ed<\/a><\/p>\n<p><a style=\"color: #2263bf;\" href=\"\/jj1-2023-group-c\/\">2023\u5e74\u5ea6\u3000\u670d\u90e8\u7dd1\u5730\u73ed<\/a><\/p>\n<p>&nbsp;<\/p>\n<h3>\u904e\u53bb\u306e\u535a\u58eb\u8ad6\u6587\u516c\u8074\u4f1a<\/h3>\n<p><a style=\"color: #2263bf;\" href=\"\/doctoral-defense-2024\">2024\u5e74\u5ea6\u3000\u535a\u58eb\u8ad6\u6587\u516c\u8074\u4f1a<\/a><\/p>\n<p><a style=\"color: #2263bf;\" href=\"\/doctoral-defense-2023\">2023\u5e74\u5ea6\u3000\u535a\u58eb\u8ad6\u6587\u516c\u8074\u4f1a<\/a><\/p>\n<p><a style=\"color: #2263bf;\" href=\"\/doctoral-defense-2022\">2022\u5e74\u5ea6\u3000\u535a\u58eb\u8ad6\u6587\u516c\u8074\u4f1a<\/a><\/p>\n<p><a style=\"color: #2263bf;\" href=\"\/doctoral-defense-2021\">2021\u5e74\u5ea6\u3000\u535a\u58eb\u8ad6\u6587\u516c\u8074\u4f1a<\/a><\/p>\n<p><a style=\"color: #2263bf;\" href=\"\/doctoral-defense-2020\">2020\u5e74\u5ea6\u3000\u535a\u58eb\u8ad6\u6587\u516c\u8074\u4f1a<\/a><\/p>\n<p>&nbsp;<\/p>\n<h3>\u904e\u53bb\u306e\u30b3\u30ed\u30ad\u30a6\u30e0\u30fb\u7814\u7a76\u4f1a<\/h3>\n<p><a style=\"color: #2263bf;\" href=\"\/past-colloquium\">\u904e\u53bb\u306e\u30b3\u30ed\u30ad\u30a6\u30e0<\/a><br \/>\n<a style=\"color: #2263bf;\" href=\"\/past-seminars\">\u904e\u53bb\u306e\u7814\u7a76\u4f1a<\/a><\/p>\n","protected":false},"excerpt":{"rendered":"<p>\u65b0\u3057\u3044\u30a4\u30d9\u30f3\u30c8\u306b\u3064\u3044\u3066\u306fFacebook\u3067\u3082\u5171\u6709\u3057\u3066\u3044\u307e\u3059 \u6b21\u56de\u306e\u30a4\u30d9\u30f3\u30c8 2025\u5e74\u5ea6\u3000\u535a\u58eb\u8ad6\u6587\u516c\u8074\u4f1a 2025\u5e747\u67081\u65e5 (\u706b)\u300011\u664200\u5206\uff5e12\u664200\u5206 \u5834\u6240 \u30a4\u30f3\u30bf\u30fc\u30ca\u30b7\u30e7\u30ca\u30eb\u30ab\u30d5\u30a7 \u767a\u8868\u8005 \u674e \u9752\u9675 \u30bf\u30a4\u30c8\u30eb [&hellip;]<\/p>\n","protected":false},"author":1,"featured_media":0,"parent":0,"menu_order":0,"comment_status":"closed","ping_status":"closed","template":"","meta":{"footnotes":""},"class_list":["post-20","page","type-page","status-publish","hentry"],"_links":{"self":[{"href":"https:\/\/kyosei.hus.osaka-u.ac.jp\/old\/wp-json\/wp\/v2\/pages\/20","targetHints":{"allow":["GET"]}}],"collection":[{"href":"https:\/\/kyosei.hus.osaka-u.ac.jp\/old\/wp-json\/wp\/v2\/pages"}],"about":[{"href":"https:\/\/kyosei.hus.osaka-u.ac.jp\/old\/wp-json\/wp\/v2\/types\/page"}],"author":[{"embeddable":true,"href":"https:\/\/kyosei.hus.osaka-u.ac.jp\/old\/wp-json\/wp\/v2\/users\/1"}],"replies":[{"embeddable":true,"href":"https:\/\/kyosei.hus.osaka-u.ac.jp\/old\/wp-json\/wp\/v2\/comments?post=20"}],"version-history":[{"count":92,"href":"https:\/\/kyosei.hus.osaka-u.ac.jp\/old\/wp-json\/wp\/v2\/pages\/20\/revisions"}],"predecessor-version":[{"id":1968,"href":"https:\/\/kyosei.hus.osaka-u.ac.jp\/old\/wp-json\/wp\/v2\/pages\/20\/revisions\/1968"}],"wp:attachment":[{"href":"https:\/\/kyosei.hus.osaka-u.ac.jp\/old\/wp-json\/wp\/v2\/media?parent=20"}],"curies":[{"name":"wp","href":"https:\/\/api.w.org\/{rel}","templated":true}]}}